{"id":308,"date":"2017-10-26T10:28:52","date_gmt":"2017-10-26T10:28:52","guid":{"rendered":"https:\/\/wibss.wales.nhs.uk\/?page_id=308"},"modified":"2017-11-03T14:08:10","modified_gmt":"2017-11-03T14:08:10","slug":"appeals","status":"publish","type":"page","link":"https:\/\/wibss.wales.nhs.uk\/cy\/appeals\/","title":{"rendered":"Apeliadau"},"content":{"rendered":"Bydd Cynllun Cynorthwyo Gwaed Heintiedig Cymru yn ystyried amrywiaeth o geisiadau am gymorth gan bobl sydd wedi\u2019u heintio \u00e2 Hepatitis C neu HIV, neu\u2019r ddau, neu wedi\u2019u heffeithio ganddynt, o ganlyniad i waed neu gynhyrchion gwaed heintiedig y GIG.<\/p>\n<p>Ein gobaith yw y gallwn gymeradwyo mwyafrif y ceisiadau, ond os caiff eich cais ei wrthod, gallwch apelio yn erbyn penderfyniad Cynllun Cynorthwyo Gwaed Heintiedig Cymru a bydd yn cael ei ailystyried.<\/p>\n<p>&nbsp;<\/p>\n<div id=\"accordions-705\" class=\"accordions-705 accordions\" data-accordions={&quot;lazyLoad&quot;:false,&quot;id&quot;:&quot;705&quot;,&quot;event&quot;:&quot;click&quot;,&quot;collapsible&quot;:&quot;true&quot;,&quot;heightStyle&quot;:&quot;content&quot;,&quot;animateStyle&quot;:&quot;swing&quot;,&quot;animateDelay&quot;:1000,&quot;navigation&quot;:true,&quot;active&quot;:999,&quot;expandedOther&quot;:&quot;no&quot;}>\r\n                <div class=\"items\" >\r\n    \r\n            <div post_id=\"705\" itemcount=\"0\"  header_id=\"header-0\" id=\"header-0\" style=\"\" class=\"accordions-head head0 border-none\" toggle-text=\"\" main-text=\"Pa gamau ddylwn i eu cymryd os byddaf yn dymuno apelio? \">\r\n                                    <span id=\"accordion-icons-0\" class=\"accordion-icons\">\r\n                        <span class=\"accordion-icon-active accordion-plus\"><i class=\"fa fa-chevron-down\"><\/i><\/span>\r\n                        <span class=\"accordion-icon-inactive accordion-minus\"><i class=\"fa fa-chevron-up\"><\/i><\/span>\r\n                    <\/span>\r\n                    <span id=\"header-text-0\" class=\"accordions-head-title\">Pa gamau ddylwn i eu cymryd os byddaf yn dymuno apelio? <\/span>\r\n                            <\/div>\r\n            <div class=\"accordion-content content0 \">\r\n                <p>Byddwch wedi cael gwybodaeth am y rhesymau pam gwrthodwyd eich cais ar gyfer y categor\u00efau isod:<\/p>\n<ul>\n<li>cais i ymuno \u00e2 Chynllun Cynorthwyo Gwaed Heintiedig Cymru gan rywun sydd wedi\u2019i heintio, neu ei yst\u00e2d, pan fydd y person heintiedig wedi marw;<\/li>\n<li>cais i fynd ymlaen i daliadau hepatitis C datblygedig Cam II er mwyn cael cyfandaliad mwy a thaliadau rheolaidd hefyd;<\/li>\n<li>cais gan weddw, g\u0175r gweddw, partner sifil neu bartner hirdymor person heintiedig sydd wedi marw, i dderbyn taliad blynyddol;<\/li>\n<\/ul>\n<p>&nbsp;<\/p>\n<p>Os na fyddwch yn cytuno \u00e2 chasgliadau staff Cynllun Cynorthwyo Gwaed Heintiedig Cymru, gallwch roi gwybod iddynt eich bod yn dymuno apelio yn erbyn eu penderfyniad. Os hoffech apelio, dylech roi gwybod iddynt o fewn tri mis o ddyddiad y llythyr a oedd yn rhoi gwybod i chi bod eich cais wedi\u2019i wrthod. Gallai Cynllun Cynorthwyo Gwaed Heintiedig Cymru ystyried apeliadau sy\u2019n cyrraedd dros dri mis ar \u00f4l i chi gael gwybod am eu penderfyniad, ond bydd hynny o dan amgylchiadau eithriadol yn unig.<\/p>\n<p>Os hoffech apelio, dylech ddarparu llythyr neu e-bost yn datgan pam rydych chi\u2019n dymuno apelio yn erbyn penderfyniad Cynllun Cynorthwyo Gwaed Heintiedig Cymru. Yn y llythyr neu\u2019r e-bost hwn, dylech gynnwys:<\/p>\n<ul>\n<li>Y rhesymau pam rydych chi\u2019n anghytuno \u00e2\u2019r penderfyniad; ceisiwch gynnwys cymaint o wybodaeth \u00e2 phosibl am pam rydych chi\u2019n anghytuno \u00e2 thystiolaeth feddygol.<\/li>\n<li>Os oes modd, cynhwyswch fwy o dystiolaeth sy\u2019n mynd i\u2019r afael \u00e2\u2019r pwyntiau hyn.<\/li>\n<li>Ceisiwch gynnwys tystiolaeth feddygol na wnaethoch ei darparu\u2019r tro diwethaf.<\/li>\n<\/ul>\n<p>&nbsp;<\/p>\n<p>Nid oes rhaid i chi ddarparu unrhyw wybodaeth ychwanegol, ond os bydd unrhyw wybodaeth neu dystiolaeth ychwanegol sy\u2019n berthnasol i\u2019ch achos yn eich barn chi, dylech ei darparu.<\/p>\n<p>Ni allwch apelio yn erbyn y penderfyniad i ddyfarnu cymorth neu grantiau yn \u00f4l disgresiwn. Fodd bynnag, os ydych chi\u2019n teimlo bod gwybodaeth wedi\u2019i hepgor ar eich cais, gallwch ffonio Cynllun Cynorthwyo Gwaed Heintiedig Cymru yn uniongyrchol er mwyn iddynt ailystyried.<\/p>\n            <\/div>\r\n    \r\n            <div post_id=\"705\" itemcount=\"1\"  header_id=\"header-1509718150646\" id=\"header-1509718150646\" style=\"\" class=\"accordions-head head1509718150646 border-none\" toggle-text=\"\" main-text=\"Beth fydd y panel apeliadau yn ei ystyried?\">\r\n                                    <span id=\"accordion-icons-1509718150646\" class=\"accordion-icons\">\r\n                        <span class=\"accordion-icon-active accordion-plus\"><i class=\"fa fa-chevron-down\"><\/i><\/span>\r\n                        <span class=\"accordion-icon-inactive accordion-minus\"><i class=\"fa fa-chevron-up\"><\/i><\/span>\r\n                    <\/span>\r\n                    <span id=\"header-text-1509718150646\" class=\"accordions-head-title\">Beth fydd y panel apeliadau yn ei ystyried?<\/span>\r\n                            <\/div>\r\n            <div class=\"accordion-content content1509718150646 \">\r\n                <p>Bydd eich achos yn cael ei drosglwyddo i\u2019r panel apeliadau annibynnol. Er y bydd Cynllun Cynorthwyo Gwaed Heintiedig Cymru yn cynnig cymorth ysgrifenyddol ac yn trefnu i\u2019r panel apeliadau gyfarfod, mae\u2019r panel yn gwbl annibynnol ar staff Cynllun Cynorthwyo Gwaed Heintiedig Cymru ac yn ddiduedd \u2013 nid oes ganddynt unrhyw fudd ariannol na budd arall allai ddylanwadu ar eu barn o blaid naill ai Cynllun Cynorthwyo Gwaed Heintiedig Cymru neu\u2019r ymgeisydd.<\/p>\n<p>R\u00f4l y panel yw llunio barn ar b\u2019un a yw eich cais yn bodloni\u2019r meini prawf a amlinellir ar gyfer yr agwedd berthnasol ar Gynllun Cynorthwyo Gwaed Heintiedig Cymru rydych chi\u2019n gwneud cais amdani, ai peidio.<\/p>\n<p>Efallai byddwch am gyfeirio at y meini prawf cymhwysedd ar gyfer Cynllun Cynorthwyo Gwaed Heintiedig Cymru, fel y\u2019u gosodwyd gan Lywodraeth Cymru, ynghyd \u00e2 chanllawiau eraill ar y wefan, sy\u2019n esbonio\u2019r meini prawf cymhwysedd ar gyfer grantiau penodol. Er enghraifft, gallai\u2019r panel ailystyried p\u2019un a gafodd eich haint Hepatitis C neu HIV ei achosi gan waed neu gynhyrchion gwaed heintiedig y GIG ai peidio, yn \u00f4l pwysau tebygolrwydd.<\/p>\n<p>Bydd y panel yn dibynnu\u2019n bennaf ar y wybodaeth yn y ffurflen gais, unrhyw ddatganiadau ategol gan glinigwyr ac unrhyw wybodaeth ychwanegol a ddarparwch adeg apelio. Fodd bynnag, os yw\u2019n berthnasol, gallai\u2019r panel ofyn am ragor o wybodaeth gefndir hefyd, er enghraifft gan y clinigwr neu weithiwr meddygol proffesiynol arall sydd wedi ymwneud \u00e2\u2019ch trin chi (neu\u2019r person heintiedig os yw wedi marw ers hynny) naill ai nawr neu ar yr adeg pan dybiwyd eich bod chi wedi\u2019ch heintio\/bod y person heintiedig wedi\u2019i heintio. O dan rai amgylchiadau, gallant hefyd geisio barn annibynnol gan weithiwr meddygol proffesiynol i helpu cynghori\u2019r panel ar y dystiolaeth ddiweddaraf sy\u2019n ymwneud ag effeithiau haint Hepatitis C neu HIV.<\/p>\n<p>Yr unig sail ar gyfer ystyried ap\u00eal yw pan fyddwch yn apelio oherwydd eich bod o\u2019r farn bod Cynllun Cynorthwyo Gwaed Heintiedig Cymru wedi dod i\u2019r farn, yn anghywir, nad ydych yn gymwys i gael taliad yn unol \u00e2 meini prawf cymhwysedd y cynllun.<\/p>\n<p>Ni fyddai ap\u00eal yn cael ei hystyried mewn achosion pan fyddwch yn cydnabod nad ydych yn gymwys yn \u00f4l y meini prawf cymhwysedd presennol, ond rydych yn anghytuno \u00e2\u2019r meini prawf hynny (mewn achosion o\u2019r fath, gallai eich cais gael ei ystyried pe bai Llywodraeth Cymru yn cytuno i ddiwygio\u2019r meini prawf cymhwysedd yn unig).<\/p>\n<p>Hefyd, gallwch apelio unwaith yn unig mewn perthynas ag unrhyw gais unigol i Gynllun Cynorthwyo Gwaed Heintiedig Cymru, er y gallwch apelio eto, er enghraifft, os byddwch wedi cyflwyno dau gais gwahanol am wahanol fathau o daliadau, y mae\u2019r ddau ohonynt wedi\u2019u gwrthod.<\/p>\n<p>Gall gwybodaeth am aelodau presennol y panel apelio gael eu rhoi os gwnewch gais i Gynllun Cynorthwyo Gwaed Heintiedig Cymru amdani. Mae gan bob un o\u2019r aelodau brofiad clinigol neu brofiad arall perthnasol sy\u2019n galluogi iddynt ystyried apeliadau o\u2019r math hwn. Ym mhob achos, gofynnir i dri aelod panel gyfarfod i adolygu\u2019r dystiolaeth a barnu p\u2019un a oedd penderfyniad gwreiddiol Cynllun Cynorthwyo Gwaed Heintiedig Cymru yn gywir ai peidio.<\/p>\n            <\/div>\r\n    \r\n            <div post_id=\"705\" itemcount=\"2\"  header_id=\"header-1509718150823\" id=\"header-1509718150823\" style=\"\" class=\"accordions-head head1509718150823 border-none\" toggle-text=\"\" main-text=\"A allaf i fod yn bresennol yn y panel apelio?\">\r\n                                    <span id=\"accordion-icons-1509718150823\" class=\"accordion-icons\">\r\n                        <span class=\"accordion-icon-active accordion-plus\"><i class=\"fa fa-chevron-down\"><\/i><\/span>\r\n                        <span class=\"accordion-icon-inactive accordion-minus\"><i class=\"fa fa-chevron-up\"><\/i><\/span>\r\n                    <\/span>\r\n                    <span id=\"header-text-1509718150823\" class=\"accordions-head-title\">A allaf i fod yn bresennol yn y panel apelio?<\/span>\r\n                            <\/div>\r\n            <div class=\"accordion-content content1509718150823 \">\r\n                <p>Nid oes rhaid i chi fod yn bresennol, ond os hoffech fod yn bresennol yng nghyfarfod y panel i roi tystiolaeth yn bersonol, gallwch wneud hynny. Rhowch wybod i Gynllun Cynorthwyo Gwaed Heintiedig Cymru os hoffech wneud hyn \u2013 os felly, rhowch wybod iddynt hefyd am unrhyw ddyddiadau penodol pan na allwch fod yn bresennol ac unrhyw ofynion penodol sydd gennych, fel problemau symudedd, i sicrhau eu bod yn gallu trefnu lleoliad addas ar gyfer y cyfarfod.<\/p>\n<p>Os hoffech, gallwch ddod ag un person arall gyda chi i gyfarfod y panel. Gallai fod yn aelod o\u2019r teulu, yn ffrind, yn ofalwr neu rywun sy\u2019n gweithio i neu gyda sefydliad sy\u2019n cefnogi pobl sydd wedi\u2019u heffeithio gan waed heintiedig a\/neu gan Hepatitis C neu HIV.<\/p>\n<p>Yng nghyfarfod y panel, cewch gyfle i roi datganiad os hoffech wneud hynny a gallai aelodau\u2019r panel ofyn rhai cwestiynau i chi hefyd. Os ydych chi\u2019n cael anawsterau wrth gyfathrebu, gallwch ofyn i\u2019ch cydymaith siarad ar eich rhan os bydd yn eich adnabod yn dda ac yn deall manylion eich cais, os yw hynny\u2019n well gennych. Dylech bob amser roi gwybod i Gynllun Cynorthwyo Gwaed Heintiedig Cymru pwy yw\u2019r unigolyn, cyn y cyfarfod, fel y gallant wneud y trefniadau priodol.<\/p>\n<p>Rydym yn deall bod hyn yn gallu bod yn brofiad ingol ac emosiynol i bobl sydd wedi\u2019u heffeithio \u2013 bydd y panel bob amser yn trin yr ymgeiswyr gyda sensitifrwydd a chwrteisi, a bydd yr awyrgylch mor anffurfiol \u00e2 phosibl. Er y gallwch ddod ag un cynrychiolydd yn unig i gyfarfod y panel yn bersonol, gallwch wrth gwrs ofn i bobl eraill eich helpu i baratoi eich datganiad. Bydd yr holl wybodaeth a ddarparwch \u2013 yn eich cais ac i aelodau\u2019r panel \u2013 yn cael ei thrin yn gyfrinachol.<\/p>\n            <\/div>\r\n    \r\n            <div post_id=\"705\" itemcount=\"3\"  header_id=\"header-1509718151006\" id=\"header-1509718151006\" style=\"\" class=\"accordions-head head1509718151006 border-none\" toggle-text=\"\" main-text=\"Beth sy\u2019n digwydd nesaf?\">\r\n                                    <span id=\"accordion-icons-1509718151006\" class=\"accordion-icons\">\r\n                        <span class=\"accordion-icon-active accordion-plus\"><i class=\"fa fa-chevron-down\"><\/i><\/span>\r\n                        <span class=\"accordion-icon-inactive accordion-minus\"><i class=\"fa fa-chevron-up\"><\/i><\/span>\r\n                    <\/span>\r\n                    <span id=\"header-text-1509718151006\" class=\"accordions-head-title\">Beth sy\u2019n digwydd nesaf?<\/span>\r\n                            <\/div>\r\n            <div class=\"accordion-content content1509718151006 \">\r\n                <p>Yn dilyn cyfarfod y panel, bydd y panel yn ystyried y dystiolaeth a ddarparwyd iddynt ac yn gwneud eu penderfyniad. Pan fyddant wedi cytuno ar eu penderfyniad, byddant yn rhoi gwybod i Gynllun Cynorthwyo Gwaed Heintiedig Cymru. Bydd y panel yn ysgrifennu atoch cyn gynted \u00e2 phosibl i roi gwybod i chi am benderfyniad y panel a rhoi gwybodaeth i chi am y rhesymau a roddodd y panel dros ei benderfyniad.<\/p>\n<p>Os oedd eich ap\u00eal yn llwyddiannus, yna bydd Cynllun Cynorthwyo Gwaed Heintiedig Cymru yn prosesu\u2019ch cais cyn gynted \u00e2 phosibl ac yn trefnu unrhyw daliadau sy\u2019n ddyledus i chi. Os gwnaethoch gais am daliad rheolaidd, bydd eich taliadau\u2019n cael eu h\u00f4l-ddyddio i\u2019r dyddiad pan gyflwynoch eich cais gwreiddiol i Gynllun Cynorthwyo Gwaed Heintiedig Cymru.<\/p>\n            <\/div>\r\n    <\/div>\r\n\r\n\r\n\r\n            <\/div>","protected":false},"excerpt":{"rendered":"<p>Bydd Cynllun Cynorthwyo Gwaed Heintiedig Cymru yn ystyried amrywiaeth o geisiadau am gymorth gan bobl sydd wedi\u2019u heintio \u00e2 Hepatitis C neu HIV, neu\u2019r ddau, neu wedi\u2019u heffeithio ganddynt, o ganlyniad i waed neu gynhyrchion gwaed heintiedig y GIG. Ein &hellip; <a href=\"https:\/\/wibss.wales.nhs.uk\/cy\/appeals\/\">Continued<\/a><\/p>\n","protected":false},"author":4,"featured_media":0,"parent":0,"menu_order":0,"comment_status":"closed","ping_status":"closed","template":"","meta":{"footnotes":""},"class_list":["post-308","page","type-page","status-publish","hentry"],"yoast_head":"<!-- This site is optimized with the Yoast SEO plugin v27.3 - https:\/\/yoast.com\/product\/yoast-seo-wordpress\/ -->\n<title>Apeliadau - WIBSS<\/title>\n<meta name=\"robots\" content=\"index, follow, max-snippet:-1, max-image-preview:large, max-video-preview:-1\" \/>\n<link rel=\"canonical\" href=\"https:\/\/wibss.wales.nhs.uk\/appeals\/\" \/>\n<meta property=\"og:locale\" content=\"en_US\" \/>\n<meta property=\"og:type\" content=\"article\" \/>\n<meta property=\"og:title\" content=\"[:en]Appeals[:cy]Apeliadau[:] - WIBSS\" \/>\n<meta property=\"og:description\" content=\"Bydd Cynllun Cynorthwyo Gwaed Heintiedig Cymru yn ystyried amrywiaeth o geisiadau am gymorth gan bobl sydd wedi\u2019u heintio \u00e2 Hepatitis C neu HIV, neu\u2019r ddau, neu wedi\u2019u heffeithio ganddynt, o ganlyniad i waed neu gynhyrchion gwaed heintiedig y GIG. Ein &hellip; Continued\" \/>\n<meta property=\"og:url\" content=\"https:\/\/wibss.wales.nhs.uk\/appeals\/\" \/>\n<meta property=\"og:site_name\" content=\"WIBSS\" \/>\n<meta property=\"article:modified_time\" content=\"2017-11-03T14:08:10+00:00\" \/>\n<meta name=\"twitter:card\" content=\"summary_large_image\" \/>\n<meta name=\"twitter:label1\" content=\"Est. reading time\" \/>\n\t<meta name=\"twitter:data1\" content=\"1 minute\" \/>\n<script type=\"application\/ld+json\" class=\"yoast-schema-graph\">{\"@context\":\"https:\\\/\\\/schema.org\",\"@graph\":[{\"@type\":\"WebPage\",\"@id\":\"https:\\\/\\\/wibss.wales.nhs.uk\\\/appeals\\\/\",\"url\":\"https:\\\/\\\/wibss.wales.nhs.uk\\\/appeals\\\/\",\"name\":\"[:en]Appeals[:cy]Apeliadau[:] - WIBSS\",\"isPartOf\":{\"@id\":\"https:\\\/\\\/wibss.wales.nhs.uk\\\/#website\"},\"datePublished\":\"2017-10-26T10:28:52+00:00\",\"dateModified\":\"2017-11-03T14:08:10+00:00\",\"breadcrumb\":{\"@id\":\"https:\\\/\\\/wibss.wales.nhs.uk\\\/appeals\\\/#breadcrumb\"},\"inLanguage\":\"cy-CY\",\"potentialAction\":[{\"@type\":\"ReadAction\",\"target\":[\"https:\\\/\\\/wibss.wales.nhs.uk\\\/appeals\\\/\"]}]},{\"@type\":\"BreadcrumbList\",\"@id\":\"https:\\\/\\\/wibss.wales.nhs.uk\\\/appeals\\\/#breadcrumb\",\"itemListElement\":[{\"@type\":\"ListItem\",\"position\":1,\"name\":\"Home\",\"item\":\"https:\\\/\\\/wibss.wales.nhs.uk\\\/\"},{\"@type\":\"ListItem\",\"position\":2,\"name\":\"Appeals\"}]},{\"@type\":\"WebSite\",\"@id\":\"https:\\\/\\\/wibss.wales.nhs.uk\\\/#website\",\"url\":\"https:\\\/\\\/wibss.wales.nhs.uk\\\/\",\"name\":\"WIBSS\",\"description\":\"Welsh Infected Blood Support Scheme\",\"potentialAction\":[{\"@type\":\"SearchAction\",\"target\":{\"@type\":\"EntryPoint\",\"urlTemplate\":\"https:\\\/\\\/wibss.wales.nhs.uk\\\/?s={search_term_string}\"},\"query-input\":{\"@type\":\"PropertyValueSpecification\",\"valueRequired\":true,\"valueName\":\"search_term_string\"}}],\"inLanguage\":\"cy-CY\"}]}<\/script>\n<!-- \/ Yoast SEO plugin. -->","yoast_head_json":{"title":"[:en]Appeals[:cy]Apeliadau[:] - WIBSS","robots":{"index":"index","follow":"follow","max-snippet":"max-snippet:-1","max-image-preview":"max-image-preview:large","max-video-preview":"max-video-preview:-1"},"canonical":"https:\/\/wibss.wales.nhs.uk\/appeals\/","og_locale":"en_US","og_type":"article","og_title":"[:en]Appeals[:cy]Apeliadau[:] - WIBSS","og_description":"Bydd Cynllun Cynorthwyo Gwaed Heintiedig Cymru yn ystyried amrywiaeth o geisiadau am gymorth gan bobl sydd wedi\u2019u heintio \u00e2 Hepatitis C neu HIV, neu\u2019r ddau, neu wedi\u2019u heffeithio ganddynt, o ganlyniad i waed neu gynhyrchion gwaed heintiedig y GIG. Ein &hellip; Continued","og_url":"https:\/\/wibss.wales.nhs.uk\/appeals\/","og_site_name":"WIBSS","article_modified_time":"2017-11-03T14:08:10+00:00","twitter_card":"summary_large_image","twitter_misc":{"Est. reading time":"1 minute"},"schema":{"@context":"https:\/\/schema.org","@graph":[{"@type":"WebPage","@id":"https:\/\/wibss.wales.nhs.uk\/appeals\/","url":"https:\/\/wibss.wales.nhs.uk\/appeals\/","name":"[:en]Appeals[:cy]Apeliadau[:] - WIBSS","isPartOf":{"@id":"https:\/\/wibss.wales.nhs.uk\/#website"},"datePublished":"2017-10-26T10:28:52+00:00","dateModified":"2017-11-03T14:08:10+00:00","breadcrumb":{"@id":"https:\/\/wibss.wales.nhs.uk\/appeals\/#breadcrumb"},"inLanguage":"cy-CY","potentialAction":[{"@type":"ReadAction","target":["https:\/\/wibss.wales.nhs.uk\/appeals\/"]}]},{"@type":"BreadcrumbList","@id":"https:\/\/wibss.wales.nhs.uk\/appeals\/#breadcrumb","itemListElement":[{"@type":"ListItem","position":1,"name":"Home","item":"https:\/\/wibss.wales.nhs.uk\/"},{"@type":"ListItem","position":2,"name":"Appeals"}]},{"@type":"WebSite","@id":"https:\/\/wibss.wales.nhs.uk\/#website","url":"https:\/\/wibss.wales.nhs.uk\/","name":"WIBSS","description":"Welsh Infected Blood Support Scheme","potentialAction":[{"@type":"SearchAction","target":{"@type":"EntryPoint","urlTemplate":"https:\/\/wibss.wales.nhs.uk\/?s={search_term_string}"},"query-input":{"@type":"PropertyValueSpecification","valueRequired":true,"valueName":"search_term_string"}}],"inLanguage":"cy-CY"}]}},"_links":{"self":[{"href":"https:\/\/wibss.wales.nhs.uk\/cy\/wp-json\/wp\/v2\/pages\/308","targetHints":{"allow":["GET"]}}],"collection":[{"href":"https:\/\/wibss.wales.nhs.uk\/cy\/wp-json\/wp\/v2\/pages"}],"about":[{"href":"https:\/\/wibss.wales.nhs.uk\/cy\/wp-json\/wp\/v2\/types\/page"}],"author":[{"embeddable":true,"href":"https:\/\/wibss.wales.nhs.uk\/cy\/wp-json\/wp\/v2\/users\/4"}],"replies":[{"embeddable":true,"href":"https:\/\/wibss.wales.nhs.uk\/cy\/wp-json\/wp\/v2\/comments?post=308"}],"version-history":[{"count":11,"href":"https:\/\/wibss.wales.nhs.uk\/cy\/wp-json\/wp\/v2\/pages\/308\/revisions"}],"predecessor-version":[{"id":707,"href":"https:\/\/wibss.wales.nhs.uk\/cy\/wp-json\/wp\/v2\/pages\/308\/revisions\/707"}],"wp:attachment":[{"href":"https:\/\/wibss.wales.nhs.uk\/cy\/wp-json\/wp\/v2\/media?parent=308"}],"curies":[{"name":"wp","href":"https:\/\/api.w.org\/{rel}","templated":true}]}}